{"id":390,"date":"2025-07-29T16:31:43","date_gmt":"2025-07-29T19:31:43","guid":{"rendered":"https:\/\/adesccanedo.org.br\/?page_id=390"},"modified":"2025-07-29T19:39:53","modified_gmt":"2025-07-29T22:39:53","slug":"1705-2","status":"publish","type":"page","link":"https:\/\/adesccanedo.org.br\/index.php\/1705-2\/","title":{"rendered":"1705"},"content":{"rendered":"\t\t<div data-elementor-type=\"wp-page\" data-elementor-id=\"390\" class=\"elementor elementor-390\">\n\t\t\t\t\t\t<section class=\"elementor-section elementor-top-section elementor-element elementor-element-ea2f030 elementor-section-boxed elementor-section-height-default elementor-section-height-default\" data-id=\"ea2f030\" data-element_type=\"section\" data-e-type=\"section\">\n\t\t\t\t\t\t<div class=\"elementor-container elementor-column-gap-default\">\n\t\t\t\t\t<div class=\"elementor-column elementor-col-100 elementor-top-column elementor-element elementor-element-b899dff\" data-id=\"b899dff\" data-element_type=\"column\" data-e-type=\"column\">\n\t\t\t<div class=\"elementor-widget-wrap elementor-element-populated\">\n\t\t\t\t\t\t<div class=\"elementor-element elementor-element-1680948 elementor-widget elementor-widget-heading\" data-id=\"1680948\" data-element_type=\"widget\" data-e-type=\"widget\" data-widget_type=\"heading.default\">\n\t\t\t\t<div class=\"elementor-widget-container\">\n\t\t\t\t\t<h3 class=\"elementor-heading-title elementor-size-default\">Neste s\u00e1bado- 17 de maio 2025, mais um dia do Projeto A\u00e7\u00e3o.<\/h3>\t\t\t\t<\/div>\n\t\t\t\t<\/div>\n\t\t\t\t<div class=\"elementor-element elementor-element-4b0d33c elementor-widget elementor-widget-text-editor\" data-id=\"4b0d33c\" data-element_type=\"widget\" data-e-type=\"widget\" data-widget_type=\"text-editor.default\">\n\t\t\t\t<div class=\"elementor-widget-container\">\n\t\t\t\t\t\t\t\t\t<p>\u00a0 \u00a0 Adesc realizou no dia:17\/05\/2025, Presidente- Valdemir Alves e Diretora, proporcionam uma manh\u00e3 de A\u00e7\u00e3o. Atendimentos: Jur\u00eddico social, Psic\u00f3logo, Orienta\u00e7\u00f5es de Sa\u00fade geral aos associados, familiares e cuidadores das pessoas com defici\u00eancia de Senador Canedo. Parceira de sempre amiga- Adriana Alves Esse primeiro momento em grupos tivemos com a Psic\u00f3loga Vanu Loiola Maia &#8220;De todas as li\u00e7\u00f5es que a vida t\u00e1 ensinando, a principal \u00e9 est\u00e1: H\u00e1 decis\u00f5es que temos que tomar, h\u00e1 mudan\u00e7as que precisam acontecer, h\u00e1 medos que devemos enfrentar, h\u00e1 solid\u00f5es que precisamos suportar, h\u00e1 l\u00e1grimas que precisamos derramar, h\u00e1 recome\u00e7os que precisam florescer de alguma forma dentro de n\u00f3s. Porque mesmo quando pensamos que n\u00e3o somos capazes de suportar algo, o tempo vai mostrando que somos mais fortes, do que pensamos e mais corajosos do que imagin\u00e1vamos ser.&#8221;( Kali Taline) <br \/>As dificuldades externas surgem, para que, superemos nossas dificuldades internas.<\/p>\t\t\t\t\t\t\t\t<\/div>\n\t\t\t\t<\/div>\n\t\t\t\t\t<\/div>\n\t\t<\/div>\n\t\t\t\t\t<\/div>\n\t\t<\/section>\n\t\t\t\t<section class=\"elementor-section elementor-top-section elementor-element elementor-element-394b86d elementor-section-boxed elementor-section-height-default elementor-section-height-default\" data-id=\"394b86d\" data-element_type=\"section\" data-e-type=\"section\">\n\t\t\t\t\t\t<div class=\"elementor-container elementor-column-gap-default\">\n\t\t\t\t\t<div class=\"elementor-column elementor-col-100 elementor-top-column elementor-element elementor-element-493ba16\" data-id=\"493ba16\" data-element_type=\"column\" data-e-type=\"column\">\n\t\t\t<div class=\"elementor-widget-wrap elementor-element-populated\">\n\t\t\t\t\t\t<div class=\"elementor-element elementor-element-95a1eb1 gallery-spacing-custom elementor-widget elementor-widget-image-gallery\" data-id=\"95a1eb1\" data-element_type=\"widget\" data-e-type=\"widget\" data-widget_type=\"image-gallery.default\">\n\t\t\t\t<div class=\"elementor-widget-container\">\n\t\t\t\t\t\t\t<div class=\"elementor-image-gallery\">\n\t\t\t<div id='gallery-1' class='gallery galleryid-390 gallery-columns-4 gallery-size-medium'><figure class='gallery-item'>\n\t\t\t<div class='gallery-icon landscape'>\n\t\t\t\t<a data-elementor-open-lightbox=\"yes\" data-elementor-lightbox-slideshow=\"95a1eb1\" data-elementor-lightbox-title=\"1\" data-e-action-hash=\"#elementor-action%3Aaction%3Dlightbox%26settings%3DeyJpZCI6MzkzLCJ1cmwiOiJodHRwczpcL1wvYWRlc2NjYW5lZG8ub3JnLmJyXC93cC1jb250ZW50XC91cGxvYWRzXC8yMDI1XC8wN1wvMS53ZWJwIiwic2xpZGVzaG93IjoiOTVhMWViMSJ9\" href='https:\/\/adesccanedo.org.br\/wp-content\/uploads\/2025\/07\/1.webp'><img fetchpriority=\"high\" decoding=\"async\" width=\"300\" height=\"300\" src=\"https:\/\/adesccanedo.org.br\/wp-content\/uploads\/2025\/07\/1-300x300.webp\" class=\"attachment-medium size-medium\" alt=\"\" srcset=\"https:\/\/adesccanedo.org.br\/wp-content\/uploads\/2025\/07\/1-300x300.webp 300w, https:\/\/adesccanedo.org.br\/wp-content\/uploads\/2025\/07\/1-1024x1024.webp 1024w, https:\/\/adesccanedo.org.br\/wp-content\/uploads\/2025\/07\/1-150x150.webp 150w, https:\/\/adesccanedo.org.br\/wp-content\/uploads\/2025\/07\/1-768x768.webp 768w, https:\/\/adesccanedo.org.br\/wp-content\/uploads\/2025\/07\/1.webp 1080w\" sizes=\"(max-width: 300px) 100vw, 300px\" \/><\/a>\n\t\t\t<\/div><\/figure><figure class='gallery-item'>\n\t\t\t<div class='gallery-icon landscape'>\n\t\t\t\t<a data-elementor-open-lightbox=\"yes\" data-elementor-lightbox-slideshow=\"95a1eb1\" data-elementor-lightbox-title=\"2\" data-e-action-hash=\"#elementor-action%3Aaction%3Dlightbox%26settings%3DeyJpZCI6Mzk0LCJ1cmwiOiJodHRwczpcL1wvYWRlc2NjYW5lZG8ub3JnLmJyXC93cC1jb250ZW50XC91cGxvYWRzXC8yMDI1XC8wN1wvMi53ZWJwIiwic2xpZGVzaG93IjoiOTVhMWViMSJ9\" href='https:\/\/adesccanedo.org.br\/wp-content\/uploads\/2025\/07\/2.webp'><img decoding=\"async\" width=\"300\" height=\"300\" src=\"https:\/\/adesccanedo.org.br\/wp-content\/uploads\/2025\/07\/2-300x300.webp\" class=\"attachment-medium size-medium\" alt=\"\" srcset=\"https:\/\/adesccanedo.org.br\/wp-content\/uploads\/2025\/07\/2-300x300.webp 300w, https:\/\/adesccanedo.org.br\/wp-content\/uploads\/2025\/07\/2-1024x1024.webp 1024w, https:\/\/adesccanedo.org.br\/wp-content\/uploads\/2025\/07\/2-150x150.webp 150w, https:\/\/adesccanedo.org.br\/wp-content\/uploads\/2025\/07\/2-768x768.webp 768w, https:\/\/adesccanedo.org.br\/wp-content\/uploads\/2025\/07\/2.webp 1080w\" sizes=\"(max-width: 300px) 100vw, 300px\" \/><\/a>\n\t\t\t<\/div><\/figure><figure class='gallery-item'>\n\t\t\t<div class='gallery-icon landscape'>\n\t\t\t\t<a data-elementor-open-lightbox=\"yes\" data-elementor-lightbox-slideshow=\"95a1eb1\" data-elementor-lightbox-title=\"3\" data-e-action-hash=\"#elementor-action%3Aaction%3Dlightbox%26settings%3DeyJpZCI6Mzk1LCJ1cmwiOiJodHRwczpcL1wvYWRlc2NjYW5lZG8ub3JnLmJyXC93cC1jb250ZW50XC91cGxvYWRzXC8yMDI1XC8wN1wvMy53ZWJwIiwic2xpZGVzaG93IjoiOTVhMWViMSJ9\" href='https:\/\/adesccanedo.org.br\/wp-content\/uploads\/2025\/07\/3.webp'><img decoding=\"async\" width=\"300\" height=\"300\" src=\"https:\/\/adesccanedo.org.br\/wp-content\/uploads\/2025\/07\/3-300x300.webp\" class=\"attachment-medium size-medium\" alt=\"\" srcset=\"https:\/\/adesccanedo.org.br\/wp-content\/uploads\/2025\/07\/3-300x300.webp 300w, https:\/\/adesccanedo.org.br\/wp-content\/uploads\/2025\/07\/3-1024x1024.webp 1024w, https:\/\/adesccanedo.org.br\/wp-content\/uploads\/2025\/07\/3-150x150.webp 150w, https:\/\/adesccanedo.org.br\/wp-content\/uploads\/2025\/07\/3-768x768.webp 768w, https:\/\/adesccanedo.org.br\/wp-content\/uploads\/2025\/07\/3.webp 1080w\" sizes=\"(max-width: 300px) 100vw, 300px\" \/><\/a>\n\t\t\t<\/div><\/figure><figure class='gallery-item'>\n\t\t\t<div class='gallery-icon landscape'>\n\t\t\t\t<a data-elementor-open-lightbox=\"yes\" data-elementor-lightbox-slideshow=\"95a1eb1\" data-elementor-lightbox-title=\"4\" data-e-action-hash=\"#elementor-action%3Aaction%3Dlightbox%26settings%3DeyJpZCI6Mzk2LCJ1cmwiOiJodHRwczpcL1wvYWRlc2NjYW5lZG8ub3JnLmJyXC93cC1jb250ZW50XC91cGxvYWRzXC8yMDI1XC8wN1wvNC53ZWJwIiwic2xpZGVzaG93IjoiOTVhMWViMSJ9\" href='https:\/\/adesccanedo.org.br\/wp-content\/uploads\/2025\/07\/4.webp'><img loading=\"lazy\" decoding=\"async\" width=\"300\" height=\"300\" src=\"https:\/\/adesccanedo.org.br\/wp-content\/uploads\/2025\/07\/4-300x300.webp\" class=\"attachment-medium size-medium\" alt=\"\" srcset=\"https:\/\/adesccanedo.org.br\/wp-content\/uploads\/2025\/07\/4-300x300.webp 300w, https:\/\/adesccanedo.org.br\/wp-content\/uploads\/2025\/07\/4-1024x1024.webp 1024w, https:\/\/adesccanedo.org.br\/wp-content\/uploads\/2025\/07\/4-150x150.webp 150w, https:\/\/adesccanedo.org.br\/wp-content\/uploads\/2025\/07\/4-768x768.webp 768w, https:\/\/adesccanedo.org.br\/wp-content\/uploads\/2025\/07\/4.webp 1080w\" sizes=\"(max-width: 300px) 100vw, 300px\" \/><\/a>\n\t\t\t<\/div><\/figure><figure class='gallery-item'>\n\t\t\t<div class='gallery-icon landscape'>\n\t\t\t\t<a data-elementor-open-lightbox=\"yes\" data-elementor-lightbox-slideshow=\"95a1eb1\" data-elementor-lightbox-title=\"5\" data-e-action-hash=\"#elementor-action%3Aaction%3Dlightbox%26settings%3DeyJpZCI6Mzk3LCJ1cmwiOiJodHRwczpcL1wvYWRlc2NjYW5lZG8ub3JnLmJyXC93cC1jb250ZW50XC91cGxvYWRzXC8yMDI1XC8wN1wvNS53ZWJwIiwic2xpZGVzaG93IjoiOTVhMWViMSJ9\" href='https:\/\/adesccanedo.org.br\/wp-content\/uploads\/2025\/07\/5.webp'><img loading=\"lazy\" decoding=\"async\" width=\"300\" height=\"300\" src=\"https:\/\/adesccanedo.org.br\/wp-content\/uploads\/2025\/07\/5-300x300.webp\" class=\"attachment-medium size-medium\" alt=\"\" srcset=\"https:\/\/adesccanedo.org.br\/wp-content\/uploads\/2025\/07\/5-300x300.webp 300w, https:\/\/adesccanedo.org.br\/wp-content\/uploads\/2025\/07\/5-1024x1024.webp 1024w, https:\/\/adesccanedo.org.br\/wp-content\/uploads\/2025\/07\/5-150x150.webp 150w, https:\/\/adesccanedo.org.br\/wp-content\/uploads\/2025\/07\/5-768x768.webp 768w, https:\/\/adesccanedo.org.br\/wp-content\/uploads\/2025\/07\/5.webp 1080w\" sizes=\"(max-width: 300px) 100vw, 300px\" \/><\/a>\n\t\t\t<\/div><\/figure><figure class='gallery-item'>\n\t\t\t<div class='gallery-icon landscape'>\n\t\t\t\t<a data-elementor-open-lightbox=\"yes\" data-elementor-lightbox-slideshow=\"95a1eb1\" data-elementor-lightbox-title=\"6\" data-e-action-hash=\"#elementor-action%3Aaction%3Dlightbox%26settings%3DeyJpZCI6Mzk4LCJ1cmwiOiJodHRwczpcL1wvYWRlc2NjYW5lZG8ub3JnLmJyXC93cC1jb250ZW50XC91cGxvYWRzXC8yMDI1XC8wN1wvNi53ZWJwIiwic2xpZGVzaG93IjoiOTVhMWViMSJ9\" href='https:\/\/adesccanedo.org.br\/wp-content\/uploads\/2025\/07\/6.webp'><img loading=\"lazy\" decoding=\"async\" width=\"300\" height=\"300\" src=\"https:\/\/adesccanedo.org.br\/wp-content\/uploads\/2025\/07\/6-300x300.webp\" class=\"attachment-medium size-medium\" alt=\"\" srcset=\"https:\/\/adesccanedo.org.br\/wp-content\/uploads\/2025\/07\/6-300x300.webp 300w, https:\/\/adesccanedo.org.br\/wp-content\/uploads\/2025\/07\/6-1024x1024.webp 1024w, https:\/\/adesccanedo.org.br\/wp-content\/uploads\/2025\/07\/6-150x150.webp 150w, https:\/\/adesccanedo.org.br\/wp-content\/uploads\/2025\/07\/6-768x768.webp 768w, https:\/\/adesccanedo.org.br\/wp-content\/uploads\/2025\/07\/6.webp 1080w\" sizes=\"(max-width: 300px) 100vw, 300px\" \/><\/a>\n\t\t\t<\/div><\/figure>\n\t\t<\/div>\n\t\t<\/div>\n\t\t\t\t\t\t<\/div>\n\t\t\t\t<\/div>\n\t\t\t\t\t<\/div>\n\t\t<\/div>\n\t\t\t\t\t<\/div>\n\t\t<\/section>\n\t\t\t\t<section class=\"elementor-section elementor-top-section elementor-element elementor-element-8037323 elementor-section-boxed elementor-section-height-default elementor-section-height-default\" data-id=\"8037323\" data-element_type=\"section\" data-e-type=\"section\">\n\t\t\t\t\t\t<div class=\"elementor-container elementor-column-gap-default\">\n\t\t\t\t\t<div class=\"elementor-column elementor-col-25 elementor-top-column elementor-element elementor-element-8191175\" data-id=\"8191175\" data-element_type=\"column\" data-e-type=\"column\">\n\t\t\t<div class=\"elementor-widget-wrap elementor-element-populated\">\n\t\t\t\t\t\t<div class=\"elementor-element elementor-element-8de3778 elementor-widget elementor-widget-video\" data-id=\"8de3778\" data-element_type=\"widget\" data-e-type=\"widget\" data-settings=\"{&quot;video_type&quot;:&quot;hosted&quot;,&quot;controls&quot;:&quot;yes&quot;}\" data-widget_type=\"video.default\">\n\t\t\t\t<div class=\"elementor-widget-container\">\n\t\t\t\t\t\t\t<div class=\"e-hosted-video elementor-wrapper elementor-open-inline\">\n\t\t\t\t\t<video class=\"elementor-video\" src=\"https:\/\/adesccanedo.org.br\/wp-content\/uploads\/2025\/07\/V4-1.mp4\" controls=\"\" preload=\"metadata\" controlsList=\"nodownload\"><\/video>\n\t\t\t\t<\/div>\n\t\t\t\t\t\t<\/div>\n\t\t\t\t<\/div>\n\t\t\t\t\t<\/div>\n\t\t<\/div>\n\t\t\t\t<div class=\"elementor-column elementor-col-25 elementor-top-column elementor-element elementor-element-3468fdd\" data-id=\"3468fdd\" data-element_type=\"column\" data-e-type=\"column\">\n\t\t\t<div class=\"elementor-widget-wrap elementor-element-populated\">\n\t\t\t\t\t\t<div class=\"elementor-element elementor-element-a43d5cd elementor-widget elementor-widget-video\" data-id=\"a43d5cd\" data-element_type=\"widget\" data-e-type=\"widget\" data-settings=\"{&quot;video_type&quot;:&quot;hosted&quot;,&quot;controls&quot;:&quot;yes&quot;}\" data-widget_type=\"video.default\">\n\t\t\t\t<div class=\"elementor-widget-container\">\n\t\t\t\t\t\t\t<div class=\"e-hosted-video elementor-wrapper elementor-open-inline\">\n\t\t\t\t\t<video class=\"elementor-video\" src=\"https:\/\/adesccanedo.org.br\/wp-content\/uploads\/2025\/07\/V3.mp4\" controls=\"\" preload=\"metadata\" controlsList=\"nodownload\"><\/video>\n\t\t\t\t<\/div>\n\t\t\t\t\t\t<\/div>\n\t\t\t\t<\/div>\n\t\t\t\t\t<\/div>\n\t\t<\/div>\n\t\t\t\t<div class=\"elementor-column elementor-col-25 elementor-top-column elementor-element elementor-element-148732d\" data-id=\"148732d\" data-element_type=\"column\" data-e-type=\"column\">\n\t\t\t<div class=\"elementor-widget-wrap elementor-element-populated\">\n\t\t\t\t\t\t<div class=\"elementor-element elementor-element-ac5f69a elementor-widget elementor-widget-video\" data-id=\"ac5f69a\" data-element_type=\"widget\" data-e-type=\"widget\" data-settings=\"{&quot;video_type&quot;:&quot;hosted&quot;,&quot;controls&quot;:&quot;yes&quot;}\" data-widget_type=\"video.default\">\n\t\t\t\t<div class=\"elementor-widget-container\">\n\t\t\t\t\t\t\t<div class=\"e-hosted-video elementor-wrapper elementor-open-inline\">\n\t\t\t\t\t<video class=\"elementor-video\" src=\"https:\/\/adesccanedo.org.br\/wp-content\/uploads\/2025\/07\/V2.mp4\" controls=\"\" preload=\"metadata\" controlsList=\"nodownload\"><\/video>\n\t\t\t\t<\/div>\n\t\t\t\t\t\t<\/div>\n\t\t\t\t<\/div>\n\t\t\t\t\t<\/div>\n\t\t<\/div>\n\t\t\t\t<div class=\"elementor-column elementor-col-25 elementor-top-column elementor-element elementor-element-4c9d80a\" data-id=\"4c9d80a\" data-element_type=\"column\" data-e-type=\"column\">\n\t\t\t<div class=\"elementor-widget-wrap elementor-element-populated\">\n\t\t\t\t\t\t<div class=\"elementor-element elementor-element-0e84d10 elementor-widget elementor-widget-video\" data-id=\"0e84d10\" data-element_type=\"widget\" data-e-type=\"widget\" data-settings=\"{&quot;video_type&quot;:&quot;hosted&quot;,&quot;controls&quot;:&quot;yes&quot;}\" data-widget_type=\"video.default\">\n\t\t\t\t<div class=\"elementor-widget-container\">\n\t\t\t\t\t\t\t<div class=\"e-hosted-video elementor-wrapper elementor-open-inline\">\n\t\t\t\t\t<video class=\"elementor-video\" src=\"https:\/\/adesccanedo.org.br\/wp-content\/uploads\/2025\/07\/V1.mp4\" controls=\"\" preload=\"metadata\" controlsList=\"nodownload\"><\/video>\n\t\t\t\t<\/div>\n\t\t\t\t\t\t<\/div>\n\t\t\t\t<\/div>\n\t\t\t\t\t<\/div>\n\t\t<\/div>\n\t\t\t\t\t<\/div>\n\t\t<\/section>\n\t\t\t\t<section class=\"elementor-section elementor-top-section elementor-element elementor-element-22af41d elementor-section-boxed elementor-section-height-default elementor-section-height-default\" data-id=\"22af41d\" data-element_type=\"section\" data-e-type=\"section\">\n\t\t\t\t\t\t<div class=\"elementor-container elementor-column-gap-default\">\n\t\t\t\t\t<div class=\"elementor-column elementor-col-100 elementor-top-column elementor-element elementor-element-a7f09bd\" data-id=\"a7f09bd\" data-element_type=\"column\" data-e-type=\"column\">\n\t\t\t<div class=\"elementor-widget-wrap elementor-element-populated\">\n\t\t\t\t\t\t<div class=\"elementor-element elementor-element-23cd073 elementor-align-center elementor-widget elementor-widget-button\" data-id=\"23cd073\" data-element_type=\"widget\" data-e-type=\"widget\" data-widget_type=\"button.default\">\n\t\t\t\t<div class=\"elementor-widget-container\">\n\t\t\t\t\t\t\t\t\t<div class=\"elementor-button-wrapper\">\n\t\t\t\t\t<a class=\"elementor-button elementor-button-link elementor-size-sm\" href=\"https:\/\/adesccanedo.org.br\/index.php\/projetos\/\">\n\t\t\t\t\t\t<span class=\"elementor-button-content-wrapper\">\n\t\t\t\t\t\t\t\t\t<span class=\"elementor-button-text\">Voltar<\/span>\n\t\t\t\t\t<\/span>\n\t\t\t\t\t<\/a>\n\t\t\t\t<\/div>\n\t\t\t\t\t\t\t\t<\/div>\n\t\t\t\t<\/div>\n\t\t\t\t<div class=\"elementor-element elementor-element-8347fc1 elementor-widget elementor-widget-spacer\" data-id=\"8347fc1\" data-element_type=\"widget\" data-e-type=\"widget\" data-widget_type=\"spacer.default\">\n\t\t\t\t<div class=\"elementor-widget-container\">\n\t\t\t\t\t\t\t<div class=\"elementor-spacer\">\n\t\t\t<div class=\"elementor-spacer-inner\"><\/div>\n\t\t<\/div>\n\t\t\t\t\t\t<\/div>\n\t\t\t\t<\/div>\n\t\t\t\t<div class=\"elementor-element elementor-element-c31ddd0 elementor-widget elementor-widget-spacer\" data-id=\"c31ddd0\" data-element_type=\"widget\" data-e-type=\"widget\" data-widget_type=\"spacer.default\">\n\t\t\t\t<div class=\"elementor-widget-container\">\n\t\t\t\t\t\t\t<div class=\"elementor-spacer\">\n\t\t\t<div class=\"elementor-spacer-inner\"><\/div>\n\t\t<\/div>\n\t\t\t\t\t\t<\/div>\n\t\t\t\t<\/div>\n\t\t\t\t\t<\/div>\n\t\t<\/div>\n\t\t\t\t\t<\/div>\n\t\t<\/section>\n\t\t\t\t<\/div>\n\t\t","protected":false},"excerpt":{"rendered":"<p>Neste s\u00e1bado- 17 de maio 2025, mais um dia do Projeto A\u00e7\u00e3o. \u00a0 \u00a0 Adesc realizou no dia:17\/05\/2025, Presidente- Valdemir Alves e Diretora, proporcionam uma manh\u00e3 de A\u00e7\u00e3o. Atendimentos: Jur\u00eddico social, Psic\u00f3logo, Orienta\u00e7\u00f5es de Sa\u00fade geral aos associados, familiares e cuidadores das pessoas com defici\u00eancia de Senador Canedo. Parceira de sempre amiga- Adriana Alves Esse [&hellip;]<\/p>\n","protected":false},"author":1,"featured_media":0,"parent":0,"menu_order":0,"comment_status":"closed","ping_status":"closed","template":"elementor_header_footer","meta":{"footnotes":""},"class_list":["post-390","page","type-page","status-publish","hentry"],"_links":{"self":[{"href":"https:\/\/adesccanedo.org.br\/index.php\/wp-json\/wp\/v2\/pages\/390","targetHints":{"allow":["GET"]}}],"collection":[{"href":"https:\/\/adesccanedo.org.br\/index.php\/wp-json\/wp\/v2\/pages"}],"about":[{"href":"https:\/\/adesccanedo.org.br\/index.php\/wp-json\/wp\/v2\/types\/page"}],"author":[{"embeddable":true,"href":"https:\/\/adesccanedo.org.br\/index.php\/wp-json\/wp\/v2\/users\/1"}],"replies":[{"embeddable":true,"href":"https:\/\/adesccanedo.org.br\/index.php\/wp-json\/wp\/v2\/comments?post=390"}],"version-history":[{"count":34,"href":"https:\/\/adesccanedo.org.br\/index.php\/wp-json\/wp\/v2\/pages\/390\/revisions"}],"predecessor-version":[{"id":550,"href":"https:\/\/adesccanedo.org.br\/index.php\/wp-json\/wp\/v2\/pages\/390\/revisions\/550"}],"wp:attachment":[{"href":"https:\/\/adesccanedo.org.br\/index.php\/wp-json\/wp\/v2\/media?parent=390"}],"curies":[{"name":"wp","href":"https:\/\/api.w.org\/{rel}","templated":true}]}}