{"id":575,"date":"2025-07-29T17:47:48","date_gmt":"2025-07-29T20:47:48","guid":{"rendered":"https:\/\/adesccanedo.org.br\/?page_id=479"},"modified":"2025-08-28T18:05:01","modified_gmt":"2025-08-28T21:05:01","slug":"1207-3","status":"publish","type":"page","link":"https:\/\/adesccanedo.org.br\/index.php\/1207-3\/","title":{"rendered":"1608"},"content":{"rendered":"\t\t<div data-elementor-type=\"wp-page\" data-elementor-id=\"575\" class=\"elementor elementor-575\">\n\t\t\t\t\t\t<section class=\"elementor-section elementor-top-section elementor-element elementor-element-2a26f9d4 elementor-section-boxed elementor-section-height-default elementor-section-height-default\" data-id=\"2a26f9d4\" data-element_type=\"section\" data-e-type=\"section\">\n\t\t\t\t\t\t<div class=\"elementor-container elementor-column-gap-default\">\n\t\t\t\t\t<div class=\"elementor-column elementor-col-100 elementor-top-column elementor-element elementor-element-491c7828\" data-id=\"491c7828\" data-element_type=\"column\" data-e-type=\"column\">\n\t\t\t<div class=\"elementor-widget-wrap elementor-element-populated\">\n\t\t\t\t\t\t<div class=\"elementor-element elementor-element-1113bffb elementor-widget__width-initial elementor-widget elementor-widget-text-editor\" data-id=\"1113bffb\" data-element_type=\"widget\" data-e-type=\"widget\" data-widget_type=\"text-editor.default\">\n\t\t\t\t<div class=\"elementor-widget-container\">\n\t\t\t\t\t\t\t\t\t<h3>Atendimentos Gratuitos para Pessoas com Defici\u00eancia em Senador Canedo<\/h3><p data-start=\"185\" data-end=\"446\">A <strong data-start=\"187\" data-end=\"203\">Adesc Canedo<\/strong>, atrav\u00e9s do <strong data-start=\"216\" data-end=\"259\">Termo de Fomento N\u00b0 960371\/2024 do MDHC<\/strong>, realiza atendimentos mensais voltados \u00e0s <strong data-start=\"302\" data-end=\"359\">pessoas com defici\u00eancia, seus familiares e cuidadores<\/strong>, oferecendo apoio em diversas \u00e1reas essenciais para o bem-estar e a inclus\u00e3o social.<\/p><p data-start=\"448\" data-end=\"485\">\ud83d\udc99 <strong data-start=\"451\" data-end=\"483\">Nossos atendimentos incluem:<\/strong><\/p><ul data-start=\"486\" data-end=\"802\"><li data-start=\"486\" data-end=\"573\"><p data-start=\"488\" data-end=\"573\"><strong data-start=\"488\" data-end=\"500\">Jur\u00eddico<\/strong> \u2013 orienta\u00e7\u00e3o sobre direitos e legisla\u00e7\u00e3o para pessoas com defici\u00eancia.<\/p><\/li><li data-start=\"486\" data-end=\"573\"><p data-start=\"488\" data-end=\"573\"><strong data-start=\"576\" data-end=\"586\">Social<\/strong> \u2013 apoio na inclus\u00e3o, acesso a benef\u00edcios e pol\u00edticas p\u00fablicas.<\/p><\/li><li data-start=\"652\" data-end=\"721\"><p data-start=\"654\" data-end=\"721\"><strong data-start=\"654\" data-end=\"669\">Psicol\u00f3gico<\/strong> \u2013 acolhimento, escuta e acompanhamento emocional.<\/p><\/li><li data-start=\"722\" data-end=\"802\"><p data-start=\"724\" data-end=\"802\"><strong data-start=\"724\" data-end=\"739\">Sa\u00fade Geral<\/strong> \u2013 informa\u00e7\u00f5es e orienta\u00e7\u00f5es para promover qualidade de vida.<\/p><\/li><\/ul><p data-start=\"804\" data-end=\"1010\">Com a contribui\u00e7\u00e3o de profissionais volunt\u00e1rios, buscamos <strong data-start=\"862\" data-end=\"969\">entender a realidade de cada pessoa, identificar suas necessidades e definir estrat\u00e9gias personalizadas<\/strong> para superar os desafios do dia a dia.<\/p><p data-start=\"1012\" data-end=\"1261\">Nosso compromisso \u00e9 trabalhar <strong data-start=\"1042\" data-end=\"1148\">em prol da inclus\u00e3o, da dignidade e da qualidade de vida das pessoas com defici\u00eancia em Senador Canedo<\/strong>. Contamos com a participa\u00e7\u00e3o e o apoio de todos para que essa iniciativa siga crescendo e transformando vidas.<\/p><p data-start=\"1263\" data-end=\"1357\">\ud83d\udc49 <strong data-start=\"1266\" data-end=\"1301\">Participe, compartilhe e apoie!<\/strong><br data-start=\"1301\" data-end=\"1304\" \/>Cada gesto de solidariedade fortalece nossa miss\u00e3o.<\/p><p data-start=\"1359\" data-end=\"1444\"><strong data-start=\"1359\" data-end=\"1442\">Adesc Canedo \u2013 Juntos pela inclus\u00e3o e pelo respeito \u00e0s pessoas com defici\u00eancia.<\/strong><br \/><a href=\"https:\/\/adesccanedo.org.br\/index.php\/projetos\/\"><br \/><\/a><\/p>\t\t\t\t\t\t\t\t<\/div>\n\t\t\t\t<\/div>\n\t\t\t\t\t<\/div>\n\t\t<\/div>\n\t\t\t\t\t<\/div>\n\t\t<\/section>\n\t\t\t\t<section class=\"elementor-section elementor-top-section elementor-element elementor-element-97f4ba5 elementor-section-boxed elementor-section-height-default elementor-section-height-default\" data-id=\"97f4ba5\" data-element_type=\"section\" data-e-type=\"section\">\n\t\t\t\t\t\t<div class=\"elementor-container elementor-column-gap-default\">\n\t\t\t\t\t<div class=\"elementor-column elementor-col-25 elementor-top-column elementor-element elementor-element-ddb12ac\" data-id=\"ddb12ac\" data-element_type=\"column\" data-e-type=\"column\">\n\t\t\t<div class=\"elementor-widget-wrap elementor-element-populated\">\n\t\t\t\t\t\t<div class=\"elementor-element elementor-element-f6d0899 elementor-widget elementor-widget-image\" data-id=\"f6d0899\" data-element_type=\"widget\" data-e-type=\"widget\" data-widget_type=\"image.default\">\n\t\t\t\t<div class=\"elementor-widget-container\">\n\t\t\t\t\t\t\t\t\t\t\t\t\t\t\t<img fetchpriority=\"high\" decoding=\"async\" width=\"1024\" height=\"769\" src=\"https:\/\/adesccanedo.org.br\/wp-content\/uploads\/2025\/08\/\ud83d\uded1-ADESC-EM-ACAO-\ud83d\uded1-Atendimentos-Juridico-Social-Psicologico-Orientacoes-de-Saude-Geral-aos-1-1-1024x769.webp\" class=\"attachment-large size-large wp-image-577\" alt=\"\" srcset=\"https:\/\/adesccanedo.org.br\/wp-content\/uploads\/2025\/08\/\ud83d\uded1-ADESC-EM-ACAO-\ud83d\uded1-Atendimentos-Juridico-Social-Psicologico-Orientacoes-de-Saude-Geral-aos-1-1-1024x769.webp 1024w, https:\/\/adesccanedo.org.br\/wp-content\/uploads\/2025\/08\/\ud83d\uded1-ADESC-EM-ACAO-\ud83d\uded1-Atendimentos-Juridico-Social-Psicologico-Orientacoes-de-Saude-Geral-aos-1-1-300x225.webp 300w, https:\/\/adesccanedo.org.br\/wp-content\/uploads\/2025\/08\/\ud83d\uded1-ADESC-EM-ACAO-\ud83d\uded1-Atendimentos-Juridico-Social-Psicologico-Orientacoes-de-Saude-Geral-aos-1-1-768x577.webp 768w, https:\/\/adesccanedo.org.br\/wp-content\/uploads\/2025\/08\/\ud83d\uded1-ADESC-EM-ACAO-\ud83d\uded1-Atendimentos-Juridico-Social-Psicologico-Orientacoes-de-Saude-Geral-aos-1-1.webp 1080w\" sizes=\"(max-width: 1024px) 100vw, 1024px\" \/>\t\t\t\t\t\t\t\t\t\t\t\t\t\t\t<\/div>\n\t\t\t\t<\/div>\n\t\t\t\t\t<\/div>\n\t\t<\/div>\n\t\t\t\t<div class=\"elementor-column elementor-col-25 elementor-top-column elementor-element elementor-element-83f2ee5\" data-id=\"83f2ee5\" data-element_type=\"column\" data-e-type=\"column\">\n\t\t\t<div class=\"elementor-widget-wrap elementor-element-populated\">\n\t\t\t\t\t\t<div class=\"elementor-element elementor-element-0653d86 elementor-widget elementor-widget-image\" data-id=\"0653d86\" data-element_type=\"widget\" data-e-type=\"widget\" data-widget_type=\"image.default\">\n\t\t\t\t<div class=\"elementor-widget-container\">\n\t\t\t\t\t\t\t\t\t\t\t\t\t\t\t<img decoding=\"async\" width=\"1024\" height=\"769\" src=\"https:\/\/adesccanedo.org.br\/wp-content\/uploads\/2025\/08\/2-1024x769.webp\" class=\"attachment-large size-large wp-image-578\" alt=\"\" srcset=\"https:\/\/adesccanedo.org.br\/wp-content\/uploads\/2025\/08\/2-1024x769.webp 1024w, https:\/\/adesccanedo.org.br\/wp-content\/uploads\/2025\/08\/2-300x225.webp 300w, https:\/\/adesccanedo.org.br\/wp-content\/uploads\/2025\/08\/2-768x577.webp 768w, https:\/\/adesccanedo.org.br\/wp-content\/uploads\/2025\/08\/2.webp 1080w\" sizes=\"(max-width: 1024px) 100vw, 1024px\" \/>\t\t\t\t\t\t\t\t\t\t\t\t\t\t\t<\/div>\n\t\t\t\t<\/div>\n\t\t\t\t\t<\/div>\n\t\t<\/div>\n\t\t\t\t<div class=\"elementor-column elementor-col-25 elementor-top-column elementor-element elementor-element-22c38a6\" data-id=\"22c38a6\" data-element_type=\"column\" data-e-type=\"column\">\n\t\t\t<div class=\"elementor-widget-wrap elementor-element-populated\">\n\t\t\t\t\t\t<div class=\"elementor-element elementor-element-c3ea492 elementor-widget elementor-widget-image\" data-id=\"c3ea492\" data-element_type=\"widget\" data-e-type=\"widget\" data-widget_type=\"image.default\">\n\t\t\t\t<div class=\"elementor-widget-container\">\n\t\t\t\t\t\t\t\t\t\t\t\t\t\t\t<img decoding=\"async\" width=\"1024\" height=\"769\" src=\"https:\/\/adesccanedo.org.br\/wp-content\/uploads\/2025\/08\/3-1024x769.webp\" class=\"attachment-large size-large wp-image-579\" alt=\"\" srcset=\"https:\/\/adesccanedo.org.br\/wp-content\/uploads\/2025\/08\/3-1024x769.webp 1024w, https:\/\/adesccanedo.org.br\/wp-content\/uploads\/2025\/08\/3-300x225.webp 300w, https:\/\/adesccanedo.org.br\/wp-content\/uploads\/2025\/08\/3-768x577.webp 768w, https:\/\/adesccanedo.org.br\/wp-content\/uploads\/2025\/08\/3.webp 1080w\" sizes=\"(max-width: 1024px) 100vw, 1024px\" \/>\t\t\t\t\t\t\t\t\t\t\t\t\t\t\t<\/div>\n\t\t\t\t<\/div>\n\t\t\t\t\t<\/div>\n\t\t<\/div>\n\t\t\t\t<div class=\"elementor-column elementor-col-25 elementor-top-column elementor-element elementor-element-c426b39\" data-id=\"c426b39\" data-element_type=\"column\" data-e-type=\"column\">\n\t\t\t<div class=\"elementor-widget-wrap elementor-element-populated\">\n\t\t\t\t\t\t<div class=\"elementor-element elementor-element-ff8324e elementor-widget elementor-widget-image\" data-id=\"ff8324e\" data-element_type=\"widget\" data-e-type=\"widget\" data-widget_type=\"image.default\">\n\t\t\t\t<div class=\"elementor-widget-container\">\n\t\t\t\t\t\t\t\t\t\t\t\t\t\t\t<img loading=\"lazy\" decoding=\"async\" width=\"1024\" height=\"769\" src=\"https:\/\/adesccanedo.org.br\/wp-content\/uploads\/2025\/08\/5-1024x769.webp\" class=\"attachment-large size-large wp-image-582\" alt=\"\" srcset=\"https:\/\/adesccanedo.org.br\/wp-content\/uploads\/2025\/08\/5-1024x769.webp 1024w, https:\/\/adesccanedo.org.br\/wp-content\/uploads\/2025\/08\/5-300x225.webp 300w, https:\/\/adesccanedo.org.br\/wp-content\/uploads\/2025\/08\/5-768x577.webp 768w, https:\/\/adesccanedo.org.br\/wp-content\/uploads\/2025\/08\/5.webp 1080w\" sizes=\"(max-width: 1024px) 100vw, 1024px\" \/>\t\t\t\t\t\t\t\t\t\t\t\t\t\t\t<\/div>\n\t\t\t\t<\/div>\n\t\t\t\t\t<\/div>\n\t\t<\/div>\n\t\t\t\t\t<\/div>\n\t\t<\/section>\n\t\t\t\t<section class=\"elementor-section elementor-top-section elementor-element elementor-element-c092ecc elementor-section-boxed elementor-section-height-default elementor-section-height-default\" data-id=\"c092ecc\" data-element_type=\"section\" data-e-type=\"section\">\n\t\t\t\t\t\t<div class=\"elementor-container elementor-column-gap-default\">\n\t\t\t\t\t<div class=\"elementor-column elementor-col-25 elementor-top-column elementor-element elementor-element-d9cd989\" data-id=\"d9cd989\" data-element_type=\"column\" data-e-type=\"column\">\n\t\t\t<div class=\"elementor-widget-wrap elementor-element-populated\">\n\t\t\t\t\t\t<div class=\"elementor-element elementor-element-7df7098 elementor-widget elementor-widget-image\" data-id=\"7df7098\" data-element_type=\"widget\" data-e-type=\"widget\" data-widget_type=\"image.default\">\n\t\t\t\t<div class=\"elementor-widget-container\">\n\t\t\t\t\t\t\t\t\t\t\t\t\t\t\t<img loading=\"lazy\" decoding=\"async\" width=\"1024\" height=\"769\" src=\"https:\/\/adesccanedo.org.br\/wp-content\/uploads\/2025\/08\/6-1024x769.webp\" class=\"attachment-large size-large wp-image-583\" alt=\"\" srcset=\"https:\/\/adesccanedo.org.br\/wp-content\/uploads\/2025\/08\/6-1024x769.webp 1024w, https:\/\/adesccanedo.org.br\/wp-content\/uploads\/2025\/08\/6-300x225.webp 300w, https:\/\/adesccanedo.org.br\/wp-content\/uploads\/2025\/08\/6-768x577.webp 768w, https:\/\/adesccanedo.org.br\/wp-content\/uploads\/2025\/08\/6.webp 1080w\" sizes=\"(max-width: 1024px) 100vw, 1024px\" \/>\t\t\t\t\t\t\t\t\t\t\t\t\t\t\t<\/div>\n\t\t\t\t<\/div>\n\t\t\t\t\t<\/div>\n\t\t<\/div>\n\t\t\t\t<div class=\"elementor-column elementor-col-25 elementor-top-column elementor-element elementor-element-db60058\" data-id=\"db60058\" data-element_type=\"column\" data-e-type=\"column\">\n\t\t\t<div class=\"elementor-widget-wrap elementor-element-populated\">\n\t\t\t\t\t\t<div class=\"elementor-element elementor-element-9cbd51e elementor-widget elementor-widget-image\" data-id=\"9cbd51e\" data-element_type=\"widget\" data-e-type=\"widget\" data-widget_type=\"image.default\">\n\t\t\t\t<div class=\"elementor-widget-container\">\n\t\t\t\t\t\t\t\t\t\t\t\t\t\t\t<img loading=\"lazy\" decoding=\"async\" width=\"1024\" height=\"769\" src=\"https:\/\/adesccanedo.org.br\/wp-content\/uploads\/2025\/08\/7-1024x769.webp\" class=\"attachment-large size-large wp-image-584\" alt=\"\" srcset=\"https:\/\/adesccanedo.org.br\/wp-content\/uploads\/2025\/08\/7-1024x769.webp 1024w, https:\/\/adesccanedo.org.br\/wp-content\/uploads\/2025\/08\/7-300x225.webp 300w, https:\/\/adesccanedo.org.br\/wp-content\/uploads\/2025\/08\/7-768x577.webp 768w, https:\/\/adesccanedo.org.br\/wp-content\/uploads\/2025\/08\/7.webp 1080w\" sizes=\"(max-width: 1024px) 100vw, 1024px\" \/>\t\t\t\t\t\t\t\t\t\t\t\t\t\t\t<\/div>\n\t\t\t\t<\/div>\n\t\t\t\t\t<\/div>\n\t\t<\/div>\n\t\t\t\t<div class=\"elementor-column elementor-col-25 elementor-top-column elementor-element elementor-element-6d48ded\" data-id=\"6d48ded\" data-element_type=\"column\" data-e-type=\"column\">\n\t\t\t<div class=\"elementor-widget-wrap elementor-element-populated\">\n\t\t\t\t\t\t<div class=\"elementor-element elementor-element-6a369d1 elementor-widget elementor-widget-image\" data-id=\"6a369d1\" data-element_type=\"widget\" data-e-type=\"widget\" data-widget_type=\"image.default\">\n\t\t\t\t<div class=\"elementor-widget-container\">\n\t\t\t\t\t\t\t\t\t\t\t\t\t\t\t<img loading=\"lazy\" decoding=\"async\" width=\"1024\" height=\"769\" src=\"https:\/\/adesccanedo.org.br\/wp-content\/uploads\/2025\/08\/8-1024x769.webp\" class=\"attachment-large size-large wp-image-585\" alt=\"\" srcset=\"https:\/\/adesccanedo.org.br\/wp-content\/uploads\/2025\/08\/8-1024x769.webp 1024w, https:\/\/adesccanedo.org.br\/wp-content\/uploads\/2025\/08\/8-300x225.webp 300w, https:\/\/adesccanedo.org.br\/wp-content\/uploads\/2025\/08\/8-768x577.webp 768w, https:\/\/adesccanedo.org.br\/wp-content\/uploads\/2025\/08\/8.webp 1080w\" sizes=\"(max-width: 1024px) 100vw, 1024px\" \/>\t\t\t\t\t\t\t\t\t\t\t\t\t\t\t<\/div>\n\t\t\t\t<\/div>\n\t\t\t\t\t<\/div>\n\t\t<\/div>\n\t\t\t\t<div class=\"elementor-column elementor-col-25 elementor-top-column elementor-element elementor-element-113bf14\" data-id=\"113bf14\" data-element_type=\"column\" data-e-type=\"column\">\n\t\t\t<div class=\"elementor-widget-wrap elementor-element-populated\">\n\t\t\t\t\t\t<div class=\"elementor-element elementor-element-13eb686 elementor-widget elementor-widget-image\" data-id=\"13eb686\" data-element_type=\"widget\" data-e-type=\"widget\" data-widget_type=\"image.default\">\n\t\t\t\t<div class=\"elementor-widget-container\">\n\t\t\t\t\t\t\t\t\t\t\t\t\t\t\t<img loading=\"lazy\" decoding=\"async\" width=\"1024\" height=\"769\" src=\"https:\/\/adesccanedo.org.br\/wp-content\/uploads\/2025\/08\/9-1024x769.webp\" class=\"attachment-large size-large wp-image-586\" alt=\"\" srcset=\"https:\/\/adesccanedo.org.br\/wp-content\/uploads\/2025\/08\/9-1024x769.webp 1024w, https:\/\/adesccanedo.org.br\/wp-content\/uploads\/2025\/08\/9-300x225.webp 300w, https:\/\/adesccanedo.org.br\/wp-content\/uploads\/2025\/08\/9-768x577.webp 768w, https:\/\/adesccanedo.org.br\/wp-content\/uploads\/2025\/08\/9.webp 1080w\" sizes=\"(max-width: 1024px) 100vw, 1024px\" \/>\t\t\t\t\t\t\t\t\t\t\t\t\t\t\t<\/div>\n\t\t\t\t<\/div>\n\t\t\t\t\t<\/div>\n\t\t<\/div>\n\t\t\t\t\t<\/div>\n\t\t<\/section>\n\t\t\t\t<section class=\"elementor-section elementor-top-section elementor-element elementor-element-53e1c54 elementor-section-boxed elementor-section-height-default elementor-section-height-default\" data-id=\"53e1c54\" data-element_type=\"section\" data-e-type=\"section\">\n\t\t\t\t\t\t<div class=\"elementor-container elementor-column-gap-default\">\n\t\t\t\t\t<div class=\"elementor-column elementor-col-25 elementor-top-column elementor-element elementor-element-b1fb1e0\" data-id=\"b1fb1e0\" data-element_type=\"column\" data-e-type=\"column\">\n\t\t\t<div class=\"elementor-widget-wrap elementor-element-populated\">\n\t\t\t\t\t\t<div class=\"elementor-element elementor-element-dd6f070 elementor-widget elementor-widget-video\" data-id=\"dd6f070\" data-element_type=\"widget\" data-e-type=\"widget\" data-settings=\"{&quot;video_type&quot;:&quot;hosted&quot;,&quot;controls&quot;:&quot;yes&quot;}\" data-widget_type=\"video.default\">\n\t\t\t\t<div class=\"elementor-widget-container\">\n\t\t\t\t\t\t\t<div class=\"e-hosted-video elementor-wrapper elementor-open-inline\">\n\t\t\t\t\t<video class=\"elementor-video\" src=\"https:\/\/adesccanedo.org.br\/wp-content\/uploads\/2025\/08\/\ud83d\uded1-ADESC-EM-ACAO-\ud83d\uded1-Atendimentos-Juridico-Social-Psicologico-Orientacoes-de-Saude-Geral-aos-1.mp4\" controls=\"\" preload=\"metadata\" controlsList=\"nodownload\"><\/video>\n\t\t\t\t<\/div>\n\t\t\t\t\t\t<\/div>\n\t\t\t\t<\/div>\n\t\t\t\t\t<\/div>\n\t\t<\/div>\n\t\t\t\t<div class=\"elementor-column elementor-col-25 elementor-top-column elementor-element elementor-element-27025f8\" data-id=\"27025f8\" data-element_type=\"column\" data-e-type=\"column\">\n\t\t\t<div class=\"elementor-widget-wrap elementor-element-populated\">\n\t\t\t\t\t\t<div class=\"elementor-element elementor-element-19bec81 elementor-widget elementor-widget-video\" data-id=\"19bec81\" data-element_type=\"widget\" data-e-type=\"widget\" data-settings=\"{&quot;video_type&quot;:&quot;hosted&quot;,&quot;controls&quot;:&quot;yes&quot;}\" data-widget_type=\"video.default\">\n\t\t\t\t<div class=\"elementor-widget-container\">\n\t\t\t\t\t\t\t<div class=\"e-hosted-video elementor-wrapper elementor-open-inline\">\n\t\t\t\t\t<video class=\"elementor-video\" src=\"https:\/\/adesccanedo.org.br\/wp-content\/uploads\/2025\/08\/\ud83d\uded1-ADESC-EM-ACAO-\ud83d\uded1-Atendimentos-Juridico-Social-Psicologico-Orientacoes-de-Saude-Geral-aos-.mp4\" controls=\"\" preload=\"metadata\" controlsList=\"nodownload\"><\/video>\n\t\t\t\t<\/div>\n\t\t\t\t\t\t<\/div>\n\t\t\t\t<\/div>\n\t\t\t\t\t<\/div>\n\t\t<\/div>\n\t\t\t\t<div class=\"elementor-column elementor-col-25 elementor-top-column elementor-element elementor-element-403fbfa\" data-id=\"403fbfa\" data-element_type=\"column\" data-e-type=\"column\">\n\t\t\t<div class=\"elementor-widget-wrap\">\n\t\t\t\t\t\t\t<\/div>\n\t\t<\/div>\n\t\t\t\t<div class=\"elementor-column elementor-col-25 elementor-top-column elementor-element elementor-element-39878eb\" data-id=\"39878eb\" data-element_type=\"column\" data-e-type=\"column\">\n\t\t\t<div class=\"elementor-widget-wrap\">\n\t\t\t\t\t\t\t<\/div>\n\t\t<\/div>\n\t\t\t\t\t<\/div>\n\t\t<\/section>\n\t\t\t\t<section class=\"elementor-section elementor-top-section elementor-element elementor-element-0956550 elementor-section-boxed elementor-section-height-default elementor-section-height-default\" data-id=\"0956550\" data-element_type=\"section\" data-e-type=\"section\">\n\t\t\t\t\t\t<div class=\"elementor-container elementor-column-gap-default\">\n\t\t\t\t\t<div class=\"elementor-column elementor-col-100 elementor-top-column elementor-element elementor-element-747ae5f\" data-id=\"747ae5f\" data-element_type=\"column\" data-e-type=\"column\">\n\t\t\t<div class=\"elementor-widget-wrap elementor-element-populated\">\n\t\t\t\t\t\t<div class=\"elementor-element elementor-element-a20e2fd elementor-widget elementor-widget-spacer\" data-id=\"a20e2fd\" data-element_type=\"widget\" data-e-type=\"widget\" data-widget_type=\"spacer.default\">\n\t\t\t\t<div class=\"elementor-widget-container\">\n\t\t\t\t\t\t\t<div class=\"elementor-spacer\">\n\t\t\t<div class=\"elementor-spacer-inner\"><\/div>\n\t\t<\/div>\n\t\t\t\t\t\t<\/div>\n\t\t\t\t<\/div>\n\t\t\t\t\t<\/div>\n\t\t<\/div>\n\t\t\t\t\t<\/div>\n\t\t<\/section>\n\t\t\t\t<\/div>\n\t\t","protected":false},"excerpt":{"rendered":"<p>Atendimentos Gratuitos para Pessoas com Defici\u00eancia em Senador Canedo A Adesc Canedo, atrav\u00e9s do Termo de Fomento N\u00b0 960371\/2024 do MDHC, realiza atendimentos mensais voltados \u00e0s pessoas com defici\u00eancia, seus familiares e cuidadores, oferecendo apoio em diversas \u00e1reas essenciais para o bem-estar e a inclus\u00e3o social. \ud83d\udc99 Nossos atendimentos incluem: Jur\u00eddico \u2013 orienta\u00e7\u00e3o sobre direitos [&hellip;]<\/p>\n","protected":false},"author":1,"featured_media":0,"parent":0,"menu_order":0,"comment_status":"closed","ping_status":"closed","template":"elementor_header_footer","meta":{"footnotes":""},"class_list":["post-575","page","type-page","status-publish","hentry"],"_links":{"self":[{"href":"https:\/\/adesccanedo.org.br\/index.php\/wp-json\/wp\/v2\/pages\/575","targetHints":{"allow":["GET"]}}],"collection":[{"href":"https:\/\/adesccanedo.org.br\/index.php\/wp-json\/wp\/v2\/pages"}],"about":[{"href":"https:\/\/adesccanedo.org.br\/index.php\/wp-json\/wp\/v2\/types\/page"}],"author":[{"embeddable":true,"href":"https:\/\/adesccanedo.org.br\/index.php\/wp-json\/wp\/v2\/users\/1"}],"replies":[{"embeddable":true,"href":"https:\/\/adesccanedo.org.br\/index.php\/wp-json\/wp\/v2\/comments?post=575"}],"version-history":[{"count":7,"href":"https:\/\/adesccanedo.org.br\/index.php\/wp-json\/wp\/v2\/pages\/575\/revisions"}],"predecessor-version":[{"id":598,"href":"https:\/\/adesccanedo.org.br\/index.php\/wp-json\/wp\/v2\/pages\/575\/revisions\/598"}],"wp:attachment":[{"href":"https:\/\/adesccanedo.org.br\/index.php\/wp-json\/wp\/v2\/media?parent=575"}],"curies":[{"name":"wp","href":"https:\/\/api.w.org\/{rel}","templated":true}]}}